{"id":799,"date":"2021-07-13T11:46:02","date_gmt":"2021-07-13T14:46:02","guid":{"rendered":"https:\/\/ies6045-sal.infd.edu.ar\/sitio\/?page_id=799"},"modified":"2021-09-08T15:37:30","modified_gmt":"2021-09-08T18:37:30","slug":"direccion-escuela-de-cadetes-inspector-general-elias-boleas","status":"publish","type":"page","link":"https:\/\/ies6045-sal.infd.edu.ar\/sitio\/direccion-escuela-de-cadetes-inspector-general-elias-boleas\/","title":{"rendered":"Tecnicatura Superior en Seguridad P\u00fablica y Ciudadana"},"content":{"rendered":"\n<p><\/p>\n\n\n<p><img decoding=\"async\" loading=\"lazy\" class=\"aligncenter wp-image-1587 size-full\" src=\"http:\/\/isep6045.com\/Inicio\/wp-content\/uploads\/2016\/06\/logo_escuelacadetes3.jpg\" sizes=\"(max-width: 720px) 100vw, 720px\" srcset=\"https:\/\/isep6045.com\/wp-content\/uploads\/2016\/06\/logo_escuelacadetes3.jpg 720w, https:\/\/isep6045.com\/wp-content\/uploads\/2016\/06\/logo_escuelacadetes3-300x199.jpg 300w\" alt=\"logo_escuelacadetes3\" width=\"720\" height=\"477\" \/><\/p>\n<p><strong>DIRECCI\u00d3N\u00a0ESCUELA DE CADETES \u201c<u>INSPECTOR GENERAL ELIAS BOLEAS<\/u>\u201d<\/strong><\/p>\n<p><u><\/u><strong>Misi\u00f3n:\u00a0<\/strong>formaci\u00f3n integral del ciudadano\/a a trav\u00e9s del desarrollo de conocimientos y competencias suficientes para desempe\u00f1arse en el primer\u00a0 grado del Personal Superior como Oficial Sub Ayudante de la Polic\u00eda de la Provincia de Salta, tendiente al cumplimiento de las funciones establecidas e incumbencias profesionales del T\u00e9cnico Superior en Seguridad P\u00fablica\u00a0inherentes al perfil determinado por las Pol\u00edticas P\u00fablicas, Educativas e Institucionales.<\/p>\n<ul>\n<li><u>DIRECCI\u00d2N:\u00a0<\/u>AVDA. HOUSSAY N\u00ba 2050<\/li>\n<li><u>TELEFONO:<\/u>\u00a04386898 \u2013 155178182 \u00a0<u>\u00a0<\/u><\/li>\n<li><u>CORREO:<\/u>\u00a0<a href=\"mailto:escueladecadetespolsal@gamil.com\">escueladecadetespolsal@gmail.com<\/a><\/li>\n<\/ul>\n<h2 style=\"text-align: center;\"><a href=\"http:\/\/www.edusalta.gov.ar\/index.php\/docentes\/normativa-educativa\/disenos-curriculares\/tecnicaturas-de-educacion-superior\/4630-tecnicatura-superior-en-seguridad-publica\" target=\"_blank\" rel=\"noopener\">PLAN DE ESTUDIO &#8211; Clic aqu\u00ed<\/a><\/h2>\n<p>Tecnicatura Superior en Seguridad P\u00fablica y Ciudadana<\/p>\n<p style=\"text-align: center;\"><img decoding=\"async\" loading=\"lazy\" class=\"wp-image-2075 alignleft\" src=\"http:\/\/isep6045.com\/wp-content\/uploads\/2016\/04\/plan-1.jpg\" sizes=\"(max-width: 347px) 100vw, 347px\" srcset=\"https:\/\/isep6045.com\/wp-content\/uploads\/2016\/04\/plan-1.jpg 833w, https:\/\/isep6045.com\/wp-content\/uploads\/2016\/04\/plan-1-300x183.jpg 300w, https:\/\/isep6045.com\/wp-content\/uploads\/2016\/04\/plan-1-768x469.jpg 768w\" alt=\"plan\" width=\"347\" height=\"212\" \/><\/p>\n<p><strong>Aprobado por Ministerio de Educaci\u00f3n Ciencia y Tecnolog\u00eda Res N\u00ba 5647\/15<\/strong><\/p>\n<ul>\n<li><strong>NIVEL<\/strong>: Superior<\/li>\n<li><strong>CARRERA<\/strong>: Tecnicatura Superior en Seguridad P\u00fablica y Ciudadana<\/li>\n<li><strong>DURACION<\/strong>: 3 a\u00f1os<\/li>\n<li><strong>MODALIDAD<\/strong>: Presencial<\/li>\n<li><strong>CARGA HORARIA<\/strong>: 2.592<\/li>\n<li><strong>MATERIAS:<\/strong> 32 materias<\/li>\n<\/ul>\n<p><strong><u>Competencia<\/u><\/strong>:<\/p>\n<ul>\n<li>Comprender la problem\u00e1tica de la Seguridad P\u00fablica desde una visi\u00f3n multidisciplinar.<\/li>\n<li>Asumir una actitud reflexiva sobre la realidad social y cultural, desarrollando actitudes de compromiso y responsabilidad en el ejercicio de profesi\u00f3n.<\/li>\n<li>Promover la participaci\u00f3n comunitaria en la prevenci\u00f3n de problem\u00e1ticas relacionadas con la seguridad.<\/li>\n<li>Intervenir en situaciones de delito emergencia social, cat\u00e1strofe y otros conflictos, desarrollando dispositivos, estrategias y acciones propias del \u00e1mbito policial.<\/li>\n<li>Desarrollar acciones de prevenci\u00f3n del delito en todas sus modalidades, en los \u00e1mbitos p\u00fablicos y privados, urbanos y rurales, desde un enfoque que considere la complejidad social de los estados democr\u00e1ticos.<\/li>\n<\/ul>\n<p><strong><u>BECAS<\/u><\/strong><\/p>\n<ul>\n<li>Para 1er a\u00f1o: 50% del sueldo B\u00e1sico de Agente<\/li>\n<li>Para 2do a\u00f1o 75%<\/li>\n<li>Para 3er a\u00f1o 100%<\/li>\n<\/ul>\n<p><strong><u>\u00c1rea Ocupacional<\/u><\/strong><\/p>\n<p>El egresado, se desempe\u00f1ar\u00e1 con el primer grado del Personal Superior de Oficial Sub Ayudante, con funciones de Seguridad y Auxiliar de justicia.<\/p>\n<p><strong>\u00bfPARA QUI\u00c9N ES?<\/strong><\/p>\n<p>Para j\u00f3venes de ambos sexos, con edad comprendida entre los 18 y 25 a\u00f1os, argentinos, nativos o por adopci\u00f3n.<\/p>\n<p><strong>\u00bfQUI\u00c9N LO PUEDE REALIZAR?<\/strong><\/p>\n<p>Se realiza en forma personal.<\/p>\n<p><strong>\u00bfQU\u00c9 NECESITO PARA HACER EL TR\u00c1MITE?<\/strong><\/p>\n<p>Condiciones de Ingreso<\/p>\n<ul>\n<li>Ser ciudadano argentino nativo o por opci\u00f3n.<\/li>\n<li>Tener 18 a\u00f1os cumplidos al 30 de junio de a\u00f1o en curso y no m\u00e1s de 25 a\u00f1os al 1\u00b0 de marzo del a\u00f1o en curso.<\/li>\n<li>Tener aprobado\u00a0 la educaci\u00f3n secundaria al 1\u00b0 de mayo del a\u00f1o en curso.<\/li>\n<li>De estado civil soltero\/a sin compromiso de concubinato, paternidad o maternidad.<\/li>\n<li>El peso de los postulantes masculinos y femeninos ser\u00e1 proporcional\u00a0 a su talla. Para los primeros la estatura m\u00ednima ser\u00e1 de 1,65 m. y m\u00e1xima\u00a0 de 1,90 m; mientras para las mujeres ser\u00e1 de 1,57 m y 1,80 m.<\/li>\n<li>Aprobar ex\u00e1menes psicol\u00f3gicos, f\u00edsicos y sociales.<\/li>\n<li>Reunir buenos antecedentes sociales, personales y de su grupo familiar.<\/li>\n<li>No registrar antecedentes desfavorables judiciales\u00a0 ni policiales nacionales\u00a0o \u00a0provinciales.<\/li>\n<\/ul>\n<p><strong>EXAMENES COMPLEMENTARIOS<\/strong><\/p>\n<ul>\n<li>Examen de estatura y peso.<\/li>\n<li>Examen odontol\u00f3gico.<\/li>\n<li>Examen de perfil psicol\u00f3gico para la profesi\u00f3n de Oficial de Polic\u00eda.<\/li>\n<li>Examen F\u00edsico.<\/li>\n<li><u>Examen M\u00e9dico General<\/u>: Radiograf\u00eda de torax y columna, Estudios de Laboratorio Completo, Examen Cardiovascular y Electrocardiograma. Neurol\u00f3gico y Electroencefalograma. Oftalmol\u00f3gico. Otarrinolaringol\u00f3gico y Audiometr\u00eda.<\/li>\n<\/ul>\n<p><strong>DOCUMENTACION A PRESENTAR:<\/strong><\/p>\n<p>Fotocopia Autenticada, \u00fanicamente ante escribano p\u00fablico nacional y\/o juez de paz, de la siguiente documentaci\u00f3n:<\/p>\n<ul>\n<li>Partida de nacimiento.<\/li>\n<li>N.I. (Anverso y Reverso).<\/li>\n<li>C\u00e9dula de Identidad Provincial (tramitar en Jefatura de Polic\u00eda \u2013 Gral. G\u00fcemes 750)<\/li>\n<li>Titulo \u00fanico ciclo polimodal.<\/li>\n<li>En caso de no contar con el mismo, deber\u00e1 presentar constancia de t\u00edtulo en tr\u00e1mite.<\/li>\n<li>Si se encuentra cursando el \u00faltimo a\u00f1o, presentar\u00e1 constancia de alumno regular.<\/li>\n<li>Titulo anal\u00edtico o fotocopia del libro matriz del colegio legalizada por el Sub Programa de T\u00edtulos del Ministerio de Educaci\u00f3n de Salta.<\/li>\n<\/ul>\n<p>Originales de:<\/p>\n<ul>\n<li>Certificado de residencia y convivencia (otorgado por la dependencia que por jurisdicci\u00f3n corresponda su domicilio).<\/li>\n<li>04 (CUATRO) fotos color 4 x 4 cm de frente, sin cubrecabeza. Varones cabello corto con saco y corbata; mujeres cabello recogido, con tailleur o similar.<\/li>\n<li>Constancia de CUIL.<\/li>\n<li>Certificado de antecedentes<\/li>\n<li>Para postulantes provenientes de otras Fuerzas (armadas o de seguridad) deber\u00e1n presentar un breve concepto firmado por el titular de la instituci\u00f3n correspondiente.<\/li>\n<\/ul>\n<p><strong><u>ARANCEL DE INSCRIPCION: Consultar a Div. Incorporaciones<\/u><\/strong><\/p>\n<p><strong>\u00bfD\u00d3NDE LO PUEDO HACER?<\/strong><\/p>\n<p>Direcci\u00f3n General de Recursos Humanos\u00a0<br \/>Divisi\u00f3n Incorporaciones \u2013 DIyPP (DGRH) (https:\/\/incorporaciones.policiadesalta.gob.ar\/)\u00a0<br \/>Ubicada en Caseros 519 \u2013 Paseo El Cabildo Local 9 \u2013 Salta Capital<br \/>Tel\u00e9fonos (0387) 4373234.<\/p>","protected":false},"excerpt":{"rendered":"<p>DIRECCI\u00d3N\u00a0ESCUELA DE CADETES \u201cINSPECTOR GENERAL ELIAS BOLEAS\u201d Misi\u00f3n:\u00a0formaci\u00f3n integral del ciudadano\/a a trav\u00e9s del desarrollo de conocimientos y competencias suficientes para desempe\u00f1arse en el primer\u00a0 grado del Personal Superior como Oficial Sub Ayudante de la Polic\u00eda de la Provincia de Salta, tendiente al cumplimiento de las funciones establecidas e incumbencias profesionales del T\u00e9cnico Superior en &#8230; <a title=\"Tecnicatura Superior en Seguridad P\u00fablica y Ciudadana\" class=\"read-more\" href=\"https:\/\/ies6045-sal.infd.edu.ar\/sitio\/direccion-escuela-de-cadetes-inspector-general-elias-boleas\/\" aria-label=\"More on Tecnicatura Superior en Seguridad P\u00fablica y Ciudadana\">[+]<\/a><\/p>\n","protected":false},"author":14,"featured_media":0,"parent":0,"menu_order":0,"comment_status":"closed","ping_status":"closed","template":"","meta":[],"acf":[],"_links":{"self":[{"href":"https:\/\/ies6045-sal.infd.edu.ar\/sitio\/wp-json\/wp\/v2\/pages\/799"}],"collection":[{"href":"https:\/\/ies6045-sal.infd.edu.ar\/sitio\/wp-json\/wp\/v2\/pages"}],"about":[{"href":"https:\/\/ies6045-sal.infd.edu.ar\/sitio\/wp-json\/wp\/v2\/types\/page"}],"author":[{"embeddable":true,"href":"https:\/\/ies6045-sal.infd.edu.ar\/sitio\/wp-json\/wp\/v2\/users\/14"}],"replies":[{"embeddable":true,"href":"https:\/\/ies6045-sal.infd.edu.ar\/sitio\/wp-json\/wp\/v2\/comments?post=799"}],"version-history":[{"count":8,"href":"https:\/\/ies6045-sal.infd.edu.ar\/sitio\/wp-json\/wp\/v2\/pages\/799\/revisions"}],"predecessor-version":[{"id":943,"href":"https:\/\/ies6045-sal.infd.edu.ar\/sitio\/wp-json\/wp\/v2\/pages\/799\/revisions\/943"}],"wp:attachment":[{"href":"https:\/\/ies6045-sal.infd.edu.ar\/sitio\/wp-json\/wp\/v2\/media?parent=799"}],"curies":[{"name":"wp","href":"https:\/\/api.w.org\/{rel}","templated":true}]}}