{"id":804,"date":"2021-07-13T11:58:35","date_gmt":"2021-07-13T14:58:35","guid":{"rendered":"https:\/\/ies6045-sal.infd.edu.ar\/sitio\/?page_id=804"},"modified":"2021-09-08T15:37:07","modified_gmt":"2021-09-08T18:37:07","slug":"direccion-escuela-de-suboficiales-cabo-post-mortem-hector-santos-leon","status":"publish","type":"page","link":"https:\/\/ies6045-sal.infd.edu.ar\/sitio\/direccion-escuela-de-suboficiales-cabo-post-mortem-hector-santos-leon\/","title":{"rendered":"DIRECCI\u00d3N ESCUELA DE SUBOFICIALES \u00abCABO \u201cPOST MORTEM\u201d H\u00c9CTOR SANTOS LE\u00d3N\u00bb"},"content":{"rendered":"<p><img decoding=\"async\" loading=\"lazy\" class=\"aligncenter wp-image-1573 size-full\" src=\"http:\/\/isep6045.com\/Inicio\/wp-content\/uploads\/2016\/06\/logo_escuelasuboficiales2.jpg\" sizes=\"(max-width: 720px) 100vw, 720px\" srcset=\"https:\/\/isep6045.com\/wp-content\/uploads\/2016\/06\/logo_escuelasuboficiales2.jpg 720w, https:\/\/isep6045.com\/wp-content\/uploads\/2016\/06\/logo_escuelasuboficiales2-300x199.jpg 300w\" width=\"720\" height=\"477\" \/><\/p>\n<p><strong>DIRECCI\u00d3N ESCUELA DE SUBOFICIALES \u00ab<u>CABO \u201cPOST MORTEM\u201d H\u00c9CTOR SANTOS LE\u00d3N\u00bb<\/u><\/strong><\/p>\n<p><strong>Misi\u00f3n<\/strong>: formar integralmente a los futuros Agentes de la Polic\u00eda de la Provincia de Salta, con s\u00f3lidos principios \u00e9ticos, morales, capaces de integrarse y participar activamente y de manera consciente en la labor policial, que les permita desarrollarse con profesionalismo, en el cumplimiento de las necesidades de Seguridad y de la Sociedad.<\/p>\n<ul>\n<li><span style=\"font-size: inherit;\">DIRECCION: AVDA. OBISPO ROMERO N\u00ba 2100 V\u00aa MARIA ESTHER.<\/span><\/li>\n<li><span style=\"font-size: inherit;\">TELEFONO: 4261231 \u2013 155178217<\/span><\/li>\n<li><span style=\"font-size: inherit;\">CORREO: <\/span><a style=\"font-size: inherit;\" href=\"mailto:secretariaesa@hotmail.com\">secretariaesa@hotmail.com<\/a><\/li>\n<\/ul>\n<h2 style=\"text-align: center;\"><a href=\"http:\/\/www.edusalta.gov.ar\/index.php\/docentes\/normativa-educativa\/disenos-curriculares\/tecnicaturas-de-educacion-superior\/4581-tecnicatura-superior-en-seguridad-publica-para-agente-de-calle\" target=\"_blank\" rel=\"noopener\"><strong>PLAN DE ESTUDIOS -&gt; Clic\u00a0<\/strong>aqu\u00ed<\/a><\/h2>\n<p><strong><img decoding=\"async\" loading=\"lazy\" class=\"wp-image-2082 alignleft\" src=\"http:\/\/isep6045.com\/wp-content\/uploads\/2016\/04\/DES.jpg\" sizes=\"(max-width: 342px) 100vw, 342px\" srcset=\"https:\/\/isep6045.com\/wp-content\/uploads\/2016\/04\/DES.jpg 960w, https:\/\/isep6045.com\/wp-content\/uploads\/2016\/04\/DES-300x225.jpg 300w, https:\/\/isep6045.com\/wp-content\/uploads\/2016\/04\/DES-768x576.jpg 768w\" alt=\"des\" width=\"342\" height=\"257\" \/><\/strong><\/p>\n<p><strong>ESTRUCTURA CURRICULAR<\/strong><\/p>\n<p><strong><u>Carrera:<\/u><\/strong> TECNICATURA SUPERIOR EN SEGURIDAD P\u00daBLICA PARA AGENTES DE CALLE<\/p>\n<p><strong><u>Nivel de Formaci\u00f3n<\/u><\/strong>: Formaci\u00f3n Inicial.<\/p>\n<p><strong><u>Duraci\u00f3n<\/u><\/strong>: Dos a\u00f1os<\/p>\n<p><strong><u>T\u00edtulo a Otorgar:<\/u><\/strong> Agentes de Polic\u00eda de la Polic\u00eda de Salta \u2013 Escalaf\u00f3n General \u2013Cuerpo de Seguridad.<\/p>\n<p>T\u00c9CNICO SUPERIOR EN SEGURIDAD P\u00daBLICA PARA AGENTES DE CALLE<\/p>\n<p><strong><u>Modalidad<\/u><\/strong>: Presencial<\/p>\n<p><strong>BECAS<\/strong><\/p>\n<p>Por resoluci\u00f3n N\u00b0 357\/09 -Secretar\u00eda de la Gobernaci\u00f3n de Seguridad-\u00a0<em>\u201d\u2026.que los Aspirantes afectados a las Pr\u00e1cticas Profesionales, sean beneficiados con una beca de estudio, conforme lo prev\u00e9 el Art. 64 del Reglamento Interno de la Escuela de Suboficiales\u201d<\/em>.<\/p>\n<p><strong>\u00bfPARA QUI\u00c9N ES?<\/strong><\/p>\n<p>Para j\u00f3venes de ambos sexos, con edad comprendida entre los 18 y 30 a\u00f1os, argentinos, nativos o por adopci\u00f3n.<\/p>\n<p><strong>\u00bfQUI\u00c9N LO PUEDE REALIZAR?<\/strong><\/p>\n<p>Se realiza en forma personal.<\/p>\n<p><strong>\u00bfQU\u00c9 NECESITO PARA HACER EL TR\u00c1MITE?<\/strong><\/p>\n<ul>\n<li>Ser argentino\/a nativo o por opci\u00f3n.<\/li>\n<li>18 a\u00f1os cumplidos al 30JUN`16 y no m\u00e1s de 30 a\u00f1os al 01MAR`16<\/li>\n<li>Secundario aprobado al 01MAY`16 (sin adeudar materias al momento de incorporaci\u00f3n 2016)<\/li>\n<li>Tener una estatura de 1,60 mts. como m\u00ednimo y 1,95 mts. como m\u00e1ximo en el caso de los varones; y 1,55 mts. como m\u00ednimo y 1,80 como m\u00e1ximo, para los postulantes femeninos.<\/li>\n<li>No registrar antecedentes policiales ni judiciales<\/li>\n<li>Acreditar antecedentes intachables de moralidad y buenas costumbres.<\/li>\n<li>No haber sido exonerado o declarado cesante en la administraci\u00f3n p\u00fablica nacional, provincial o municipal.<\/li>\n<li>No registrar antecedentes de actividades re\u00f1idas con los principios y valores fundamentales que establece la Constituci\u00f3n Nacional.<\/li>\n<li>En caso de ser soltero\/a, permanecer en ese estado durante el ciclo de estudio y no resultar afectado\/a por las condiciones de paternidad o maternidad en igual t\u00e9rmino.<\/li>\n<li>Gozar de buena salud y ser psicof\u00edsicamente apto para la funci\u00f3n policial, lo que ser\u00e1 comprobado mediante pruebas m\u00e9dicas de laboratorio y escritas.<\/li>\n<\/ul>\n<p><strong>EXAMENES COMPLEMENTARIOS<\/strong><\/p>\n<p>Examen de VISU, consistente en revisi\u00f3n M\u00e9dica Clinica y Odontol\u00f3gica.<\/p>\n<ul>\n<li>Examen M\u00e9dico General.<\/li>\n<li>Examen Psicol\u00f3gico.<\/li>\n<li>Examen F\u00edsico (Destreza General).<\/li>\n<li>Ex\u00e1menes Intelectuales<\/li>\n<\/ul>\n<p><strong>DOCUMENTACI\u00d3N OBLIGATORIA PARA REALIZAR LA SOLICITUD DE INGRESO:<\/strong><\/p>\n<ul>\n<li>Solicitud de Inscripci\u00f3n.<\/li>\n<li>Fotocopia autenticada por escribano p\u00fablico del \u201ct\u00edtulo secundario\u201d(cart\u00f3n chico y anal\u00edtico) o\u00a0constancia de Estudio en Tr\u00e1mite expedida por el establecimiento educativo.<\/li>\n<li>Fotocopia autenticada por escribano p\u00fablico de anverso y reverso del\u00a0 D.N.I. (tarjeta nueva)<\/li>\n<li>Certificado de Antecedentes Penales y Policiales, emitido por\u00a0 Polic\u00eda de la Provincia de Salta.<\/li>\n<li>Fotocopia autenticada por escribano p\u00fablico del acta de nacimiento.<\/li>\n<li>Fotocopia autenticada por escribano p\u00fablico del acta de matrimonio en caso de ser casado\/a.<\/li>\n<li>Fotocopia autenticada por escribano p\u00fablico del acta\u00a0 nacimiento y DNI de esposo\/a y\/o concubino\/a e hijos.<\/li>\n<li>Constancia de Numero de C.U.I.L.<\/li>\n<li>Certificado de Residencia y Convivencia (emitido por la Dependencia Policial con jurisdicci\u00f3n a su domicilio).<\/li>\n<li>Masculinos presentar (6) fotograf\u00edas no escaneadas tipo carnet (saco y corbata) color 4\u00d74, Frente y orejas descubiertas.<\/li>\n<li>Femeninos presentar (6) fotograf\u00edas no escaneadas tipo carnet \u2013 4\u00d74, cabello recogido.<\/li>\n<li>Una carpeta colgante \u00a0tama\u00f1o oficio.<\/li>\n<li>Tirilla de peso y talla extendida por la Secci\u00f3n Incorporaciones sito en Caseros 519 Galeria El Cabildo Local 9 de lunes a viernes de 08:00 a 12:00)<\/li>\n<\/ul>\n<p><strong><u>\u00a0ARANCEL DE INSCRIPCION: Consultar con Div. Incorporaciones<\/u><\/strong><\/p>\n<p><strong>\u00bfD\u00d3NDE LO PUEDO HACER?<\/strong><\/p>\n<p>Direcci\u00f3n General de Recursos Humanos<br \/>\nDivisi\u00f3n Incorporaciones \u2013 DIyPP (DGRH)<br \/>\nUbicada en Caseros 519 \u2013 Paseo El Cabildo Local 9 \u2013 Salta Capital<br \/>\nTel\u00e9fonos (0387) 4373234.<\/p>\n<p><strong>Estructura Curricular 2016<\/strong><\/p>\n<table>\n<tbody>\n<tr>\n<td><strong><u>Nivel de Formaci\u00f3n<\/u><\/strong>: Formaci\u00f3n Inicial.<strong>Carrera:<\/strong>\u00a0TECNICATURA SUPERIOR EN SEGURIDAD P\u00daBLICA PARA AGENTES DE CALLE<\/p>\n<p><strong>Duraci\u00f3n<\/strong>: Dos a\u00f1os<\/p>\n<p><strong>T\u00edtulo a Otorgar:<\/strong>\u00a0Agentes de Polic\u00eda de la Polic\u00eda de Salta \u2013 Escalaf\u00f3n General \u2013Cuerpo de Seguridad<\/p>\n<p>T\u00c9CNICO SUPERIOR EN SEGURIDAD P\u00daBLICA PARA AGENTES DE CALLE<br \/>\n<strong>Modalidad<\/strong>: Presencial<\/td>\n<\/tr>\n<\/tbody>\n<\/table>\n<p>Por resoluci\u00f3n N\u00b0 357\/09 -Secretar\u00eda de la Gobernaci\u00f3n de Seguridad-\u00a0<em>\u201d\u2026.que los Aspirantes afectados a las Pr\u00e1cticas Profesionales, sean beneficiados con una beca de estudio, conforme lo prev\u00e9 el Art. 64 del Reglamento Interno de la Escuela de Suboficiales\u201d<\/em>.<\/p>\n","protected":false},"excerpt":{"rendered":"<p>DIRECCI\u00d3N ESCUELA DE SUBOFICIALES \u00abCABO \u201cPOST MORTEM\u201d H\u00c9CTOR SANTOS LE\u00d3N\u00bb Misi\u00f3n: formar integralmente a los futuros Agentes de la Polic\u00eda de la Provincia de Salta, con s\u00f3lidos principios \u00e9ticos, morales, capaces de integrarse y participar activamente y de manera consciente en la labor policial, que les permita desarrollarse con profesionalismo, en el cumplimiento de las &#8230; <a title=\"DIRECCI\u00d3N ESCUELA DE SUBOFICIALES \u00abCABO \u201cPOST MORTEM\u201d H\u00c9CTOR SANTOS LE\u00d3N\u00bb\" class=\"read-more\" href=\"https:\/\/ies6045-sal.infd.edu.ar\/sitio\/direccion-escuela-de-suboficiales-cabo-post-mortem-hector-santos-leon\/\" aria-label=\"More on DIRECCI\u00d3N ESCUELA DE SUBOFICIALES \u00abCABO \u201cPOST MORTEM\u201d H\u00c9CTOR SANTOS LE\u00d3N\u00bb\">[+]<\/a><\/p>\n","protected":false},"author":14,"featured_media":0,"parent":0,"menu_order":0,"comment_status":"closed","ping_status":"closed","template":"","meta":[],"acf":[],"_links":{"self":[{"href":"https:\/\/ies6045-sal.infd.edu.ar\/sitio\/wp-json\/wp\/v2\/pages\/804"}],"collection":[{"href":"https:\/\/ies6045-sal.infd.edu.ar\/sitio\/wp-json\/wp\/v2\/pages"}],"about":[{"href":"https:\/\/ies6045-sal.infd.edu.ar\/sitio\/wp-json\/wp\/v2\/types\/page"}],"author":[{"embeddable":true,"href":"https:\/\/ies6045-sal.infd.edu.ar\/sitio\/wp-json\/wp\/v2\/users\/14"}],"replies":[{"embeddable":true,"href":"https:\/\/ies6045-sal.infd.edu.ar\/sitio\/wp-json\/wp\/v2\/comments?post=804"}],"version-history":[{"count":2,"href":"https:\/\/ies6045-sal.infd.edu.ar\/sitio\/wp-json\/wp\/v2\/pages\/804\/revisions"}],"predecessor-version":[{"id":942,"href":"https:\/\/ies6045-sal.infd.edu.ar\/sitio\/wp-json\/wp\/v2\/pages\/804\/revisions\/942"}],"wp:attachment":[{"href":"https:\/\/ies6045-sal.infd.edu.ar\/sitio\/wp-json\/wp\/v2\/media?parent=804"}],"curies":[{"name":"wp","href":"https:\/\/api.w.org\/{rel}","templated":true}]}}