{"id":816,"date":"2021-07-13T13:03:40","date_gmt":"2021-07-13T16:03:40","guid":{"rendered":"https:\/\/ies6045-sal.infd.edu.ar\/sitio\/?page_id=816"},"modified":"2021-07-13T13:03:40","modified_gmt":"2021-07-13T16:03:40","slug":"resena-historica","status":"publish","type":"page","link":"https:\/\/ies6045-sal.infd.edu.ar\/sitio\/resena-historica\/","title":{"rendered":"RESE\u00d1A HISTORICA"},"content":{"rendered":"<p><img decoding=\"async\" loading=\"lazy\" class=\"alignleft wp-image-817\" src=\"https:\/\/ies6045-sal.infd.edu.ar\/sitio\/wp-content\/uploads\/2021\/07\/guemes.jpg\" alt=\"\" width=\"120\" height=\"174\" \/><\/p>\n<p>Naci\u00f3 en Salta el 8 de febrero de 1785, donde permaneci\u00f3 hasta los 14 a\u00f1os en que inici\u00f3 su carrera militar, acrecentando su formaci\u00f3n no solo militar sino tambi\u00e9n intelectual, pagando sus estudios con el sueldo correspondiente a su grado, al aporte de sus padres y con lo ahorrado durante su desempe\u00f1o como Escribiente en la Tesorer\u00eda de Salta.<\/p>\n<p>En 1805 fue trasladado a Buenos Aires, donde \u00a0defendi\u00f3 la integridad territorial actuando heroicamente durante las Invasiones Inglesas, actuaci\u00f3n por la cual fue premiado y ascendido.<\/p>\n<p>En 1.810, se alist\u00f3 al servicio de la causa revolucionaria, desempe\u00f1\u00e1ndose eficazmente al mando de un Escuadr\u00f3n Gauchos en la Quebrada de Humahuaca, donde \u00a0impidieron \u00a0la comunicaci\u00f3n entre los opositores al nuevo r\u00e9gimen y los realistas del Alto Per\u00fa. El 7 de Noviembre bati\u00f3 a los realistas en Suipacha, \u00fanico triunfo de las armas patriotas en el intento de recuperar el valioso territorio altoperuano.<\/p>\n<p>En 1814 inicio la Guerra Gaucha y al a\u00f1o siguiente hab\u00eda derrotado completamente al ej\u00e9rcito invasor, por lo que fue aclamado Gobernador de la Intendencia de Salta. En 1816 le fue encomendada \u201cla defensa de la Provincias Unidas y la seguridad del Ej\u00e9rcito auxiliar del Alto Per\u00fa\u201d. Detuvo poderosas invasiones al mando de destacados y expertos jefes realistas, logrando que ninguno alcanzara el objetivo de pasar hacia Buenos Aires para recuperar el Virreinato.<\/p>\n<p>Don Mart\u00edn Miguel de G\u00fcemes muere el 17 de Junio de 1821, en la Ca\u00f1ada de la Horqueta. Ten\u00eda 36 a\u00f1os y fue el \u00fanico general argentino ca\u00eddo en acci\u00f3n de guerra exterior. Durante la mayor parte del siglo XIX, la figura de G\u00fcemes fue interpretada solamente como la de un caudillo, que hab\u00eda soliviantado a las masas campesinas contra las clases altas de la sociedad. Solo a principios del siglo XX, esa imagen comenz\u00f3 a cambiar, como la del jefe militar y pol\u00edtico, patri\u00f3tico y desinteresado, capaz de movilizar a las masas en contra del enemigo, comenzando a aparecer como el esforzado y heroico jefe de la frontera Norte, h\u00e9roe absoluto de la Provincia de Salta.<\/p>\n<p><strong><u>INSPECTOR GENERAL ELIAS BOLEAS (se asigna para la Direcci\u00f3n Escuela de Cadetes)<\/u><\/strong><\/p>\n<p><img decoding=\"async\" loading=\"lazy\" class=\"alignleft\" src=\"https:\/\/isep6045.com\/wp-content\/uploads\/2016\/04\/elias-218x300.jpg\" alt=\"\" width=\"120\" height=\"165\" \/><\/p>\n<p align=\"justify\">Hijo de Jos\u00e9 Boleas de origen espa\u00f1ol y de Antonia Peralta, nacido el 16 de febrero de 1903 en La Paz, provincia de Entre R\u00edos. Ingreso a la Instituci\u00f3n a los 54 a\u00f1os de edad. Habi\u00e9ndose registrado como personal policial el \u201c1\u00b0 de Junio de 1957, con un amplio de conocimientos del r\u00e9gimen militar, por haber pertenecido al Ej\u00e9rcito Argentino, siendo Suboficial Mayor Retirado. Mediante decreto es designado como Inspector Principal, pasando a planta permanente de la Instituci\u00f3n y prestando servicio en la Guardia de Infanter\u00eda de la cual fue uno de sus gestores.<\/p>\n<p align=\"justify\">El 19 de marzo de 1958, es designado como primer Director de la flamante Escuela de Cadetes General Martin Miguel de G\u00fcemes, donde tambi\u00e9n ejerci\u00f3 como docente en las materias \u201c\u00c9tica Policial\u201d, \u201cOrganizaci\u00f3n y Reglamento\u201d y \u201cDerecho Penal\u201d, tambi\u00e9n su capacidad intelectual su expreso fuera del \u00e1mbito policial, siendo docente en la Escuela T\u00e9cnica de la India e incursionando en la literatura con varios escritos y relatos donde dejo plasmados sus vivencias e historias, entre otros, \u201cMemorias de un Polic\u00eda\u201d, Relatos y Leyendas\u201d. Previo a su ingreso a la Polic\u00eda de Salta, se hab\u00eda destacado como Sub. Director del Servicio Penitenciario de la Provincia.<\/p>\n<p align=\"justify\">Ocup\u00f3 el cargo de Director de la Escuela de Cadetes hasta el a\u00f1o 1963, constituy\u00e9ndose en el Director de mayor perdurabilidad, egresando durante su gesti\u00f3n cinco promociones de Cadetes. Ya con el grado de Inspector General en setiembre de 1969, mediante Decreto N\u00b0 6792 es designado como Sub Jefe de Polic\u00eda, cargo que ocupara hasta el 15 noviembre de 1970 a partir de la cual se retira de la Instituci\u00f3n.<\/p>\n<p align=\"justify\">Durante su trayectoria recibi\u00f3 numerosas distinciones en el \u00e1mbito de la comunidad como institucional, destac\u00e1ndose el reconocimiento de autoridades judiciales, por su labor investigativa en el esclarecimiento del contrabando y robo de automotores en el a\u00f1o 1961 y la distinci\u00f3n otorgada por la Instituci\u00f3n por su capacidad evidenciada en la organizaci\u00f3n de la Direcci\u00f3n de Administraci\u00f3n. No registrando adem\u00e1s su legajo sanci\u00f3n disciplinaria alguna.<\/p>\n<p>&nbsp;<\/p>\n<p><strong><u>OFICIAL PRINCIPAL \u201cPOST MORTEM\u201d LUIS PANTALE\u00d3N L\u00d3PEZ (se asigna para la Direcci\u00f3n Escuela Superior de Polic\u00eda)<\/u><\/strong><\/p>\n<p><img decoding=\"async\" loading=\"lazy\" class=\"alignleft\" src=\"https:\/\/isep6045.com\/wp-content\/uploads\/2016\/04\/PANTALEON-231x300.jpg\" alt=\"\" width=\"120\" height=\"156\" \/><\/p>\n<p align=\"justify\">Antecedentes Personales: nacido el 10\/06\/63 en la ciudad de Salta Capital, hijo de Ram\u00f3n L\u00f3pez y Silvia Fr\u00edas; curso estudios secundarios obteniendo el t\u00edtulo de Perito Mercantil.<\/p>\n<p align=\"justify\">Ingreso a la Escuela de Cadetes el 07\/03\/83 como cadetes de 1er a\u00f1o, conforme Resoluci\u00f3n del Ministerio de Gobierno N\u00b0 390\/83. Egresando a partir del 03\/12\/85 como Oficial Sub Ayudante mediante decreto P.E.P. N\u00b0 2689\/85.<\/p>\n<p align=\"justify\">Destinos: Comisaria Tercera, Comisaria N\u00b0 35 Oran, Comisaria N\u00b0\u00a0 11 Gral. G\u00fcemes, Comisaria Quinta, Subcomisaria La Caldera, Unidad Regional N\u00b0 3, Escuela Superior de Polic\u00eda y Brigada de Investigaciones N\u00b0 1.<\/p>\n<p align=\"justify\">Menci\u00f3n de Honor otorgada por Jefatura de Polic\u00eda en el a\u00f1o 1990, por haberse distinguido en sus funciones al servicio de la comunidad.<\/p>\n<p align=\"justify\">Rese\u00f1a del hecho: En fecha 16\/10\/96 a horas 19:00 aproximadamente, el Of. Auxiliar Luis Pantale\u00f3n L\u00f3pez, encontr\u00e1ndose de servicio fue comisionado a dar cumplimiento a lo dispuesto por el Sr. Juez de Ejecuci\u00f3n de Sentencia, Dr. Federico Espinoza, a la detenci\u00f3n del V\u00edctor Alfredo Porcel, quien se encontraba fugado de la Unidad Carcelaria N\u00b0 1 desde el 09\/10\/96.<\/p>\n<p align=\"justify\">El citado con el personal a su cargo dependiente de la Brigada de Investigaciones N\u00b0 1, se dirigi\u00f3 a un inmueble ubicado en inmediaciones de los asentamientos de Finca Independencia, lugar donde se encontraba el evadido e impulsado por el fiel cumplimiento del deber, intento proceder\u00a0 a la detenci\u00f3n de Porcel, pero imprevistamente fue recibido por disparos de arma de fuego que lo hirieron mortalmente.<\/p>\n<p align=\"justify\">El Oficial Auxiliar L\u00f3pez se desempe\u00f1\u00f3 en la Instituci\u00f3n durante el per\u00edodo comprendido entre el 06\/12\/85 al 16\/10\/96, fecha de su deceso, con capacidad, idoneidad y por sobre todo con vocaci\u00f3n de servicio, tal como surge del promedio sus calificaciones del a\u00f1o 1996, con puntaje de 99,38, conforme registros de legajo personal.<\/p>\n<p align=\"justify\">A trav\u00e9s de Resoluci\u00f3n JP N\u00b0 893\/96 es establece a partir del 16\/10\/96 el ascenso al grado de Oficial Principal Post Mortem del Oficial Auxiliar Luis Pantale\u00f3n L\u00f3pez. Asimismo mediante Resoluci\u00f3n JP N\u00b0 901\/96 se determina las lesiones que produjeron la muerte del Oficial Ppal. Post Mortem (Leg. 8795) Luis Pantale\u00f3n L\u00f3pez, como ocurrida \u201cen y por actos del servicio\u201d.<\/p>\n<p>&nbsp;<\/p>\n<p><strong><u>CABO \u201cPOST MORTEM\u201d H\u00c9CTOR SANTOS LE\u00d3N \u00a0(se asigna\u00a0para Direcci\u00f3n Escuela de Suboficiales)<\/u><\/strong><\/p>\n<p><img decoding=\"async\" loading=\"lazy\" class=\"alignleft\" src=\"https:\/\/isep6045.com\/wp-content\/uploads\/2016\/04\/santo-267x300.jpg\" alt=\"\" width=\"120\" height=\"135\" \/><\/p>\n<p><strong>CABO HECTOR SANTOS LEON<\/strong><\/p>\n<p>Naci\u00f3 en el a\u00f1o 1957. En 1980 decidi\u00f3 ingresar a la Polic\u00eda de Salta.<\/p>\n<p align=\"justify\">En la madrugada del d\u00eda 23 de mayo de 1985, se produce un asalta a mano armada en calle Adolfo G\u00fcemes, cerca de la entonces Maternidad Provincial. Dos personas hab\u00edan sustra\u00eddo dinero a un chofer de la l\u00ednea 1, interviniendo personal de patrulla de la Comisar\u00eda Quinta, Sargento Gabriel Mamani y Agente H\u00e9ctor Santos Le\u00f3n quienes procuran detener a los causantes, ambos de frondoso prontuario, en inmediaciones de calles Necochea y Siria circunstancia en las que este \u00faltimo al trabarse en lucha con uno de los delincuentes recibe tres impactos de bala lo que le producen graves heridas en el t\u00f3rax y en el rostro. Se constat\u00f3 que fue atacado a quemarropa y fue trasladado en un m\u00f3vil policial hasta el policl\u00ednico San Bernardo pero desgraciadamente dej\u00f3 de existir en el trayecto; sin embargo en el forcejeo hab\u00eda logrado arrebatar a uno de los delincuentes indumentaria con documentaci\u00f3n que permiti\u00f3 su posterior detenci\u00f3n.<\/p>\n<p align=\"justify\">El Agente Le\u00f3n, a pesar de sus heridas, hizo muy bien su \u00faltimo trabajo como funcionario policial, dejando una ense\u00f1anza ejemplar, llegando a cumplir su deber a\u00fan a costo de su propia vida y entregando todo en bien de la sociedad, recibiendo el ascenso post mortem al grado de Cabo, por disposici\u00f3n de Jefatura de Polic\u00eda mediante Resoluci\u00f3n N\u00b0 240\/85 en reconocimiento a su indiscutible vocaci\u00f3n y convicci\u00f3n por \u00e9l servicio. Nacido en el a\u00f1o 1957, ten\u00eda cuatro a\u00f1os de antig\u00fcedad y prestaba servicio de patrullaje a pie, era soltero y hu\u00e9rfano de padre y madre.<\/p>\n<p>&nbsp;<\/p>\n<p>&nbsp;<\/p>\n<p><strong>CABO \u201cPOST MORTEM\u201d HERMELINDA MARIA BONIFACIO (se asigna para la Direcci\u00f3n Escuela de Entrenamiento Policial).<\/strong><\/p>\n<p><img decoding=\"async\" loading=\"lazy\" class=\"alignleft\" src=\"https:\/\/isep6045.com\/wp-content\/uploads\/2016\/04\/BONIFACIO-248x300.jpg\" alt=\"\" width=\"120\" height=\"145\" \/><\/p>\n<p align=\"justify\">Nacida en la cuidad de Salta en el a\u00f1o 1963, al momento de su fallecimiento se desempe\u00f1aba como Agente (legajo N\u00b0 8691) de la entonces \u00a0Brigada de Protecci\u00f3n al Menor y la Familia, perdi\u00f3 la vida en circunstancias relacionadas con otra faceta de la funci\u00f3n policial, la capacitaci\u00f3n, la preparaci\u00f3n para cumplir con mayor profesionalismo su misi\u00f3n. Cuando se encontraba participando en la demostraci\u00f3n del Grupo Rescate de la Instituci\u00f3n, el edificio del Monoblock Salta, sufre una ca\u00edda desde una altura de cuarenta metros lo cual le ocasiona grav\u00edsimas lesiones que derivaron en su fallecimiento la tarde del 24 de junio de 1987.<\/p>\n<p align=\"justify\">La instituci\u00f3n, a trav\u00e9s de la Direcci\u00f3n de Asesor\u00eda Letrada dictamino el suceso como accidente con caracter\u00edsticas propias de la funci\u00f3n policial, por lo que Jefatura de Polic\u00eda en uso de sus facultades mediante Resoluci\u00f3n N\u00b0 233\/87 de fecha 25 de junio de 1987, dispuso el ascenso \u201cpost mortem\u201d al grado de Cabo de la agente\u00a0 Hernelinda Mar\u00eda Bonifacio, quien hasta la fecha constituye la \u00fanica femenina ca\u00edda en cumplimiento del deber.<\/p>\n","protected":false},"excerpt":{"rendered":"<p>Naci\u00f3 en Salta el 8 de febrero de 1785, donde permaneci\u00f3 hasta los 14 a\u00f1os en que inici\u00f3 su carrera militar, acrecentando su formaci\u00f3n no solo militar sino tambi\u00e9n intelectual, pagando sus estudios con el sueldo correspondiente a su grado, al aporte de sus padres y con lo ahorrado durante su desempe\u00f1o como Escribiente en &#8230; <a title=\"RESE\u00d1A HISTORICA\" class=\"read-more\" href=\"https:\/\/ies6045-sal.infd.edu.ar\/sitio\/resena-historica\/\" aria-label=\"More on RESE\u00d1A HISTORICA\">[+]<\/a><\/p>\n","protected":false},"author":14,"featured_media":0,"parent":0,"menu_order":0,"comment_status":"closed","ping_status":"closed","template":"","meta":[],"acf":[],"_links":{"self":[{"href":"https:\/\/ies6045-sal.infd.edu.ar\/sitio\/wp-json\/wp\/v2\/pages\/816"}],"collection":[{"href":"https:\/\/ies6045-sal.infd.edu.ar\/sitio\/wp-json\/wp\/v2\/pages"}],"about":[{"href":"https:\/\/ies6045-sal.infd.edu.ar\/sitio\/wp-json\/wp\/v2\/types\/page"}],"author":[{"embeddable":true,"href":"https:\/\/ies6045-sal.infd.edu.ar\/sitio\/wp-json\/wp\/v2\/users\/14"}],"replies":[{"embeddable":true,"href":"https:\/\/ies6045-sal.infd.edu.ar\/sitio\/wp-json\/wp\/v2\/comments?post=816"}],"version-history":[{"count":1,"href":"https:\/\/ies6045-sal.infd.edu.ar\/sitio\/wp-json\/wp\/v2\/pages\/816\/revisions"}],"predecessor-version":[{"id":818,"href":"https:\/\/ies6045-sal.infd.edu.ar\/sitio\/wp-json\/wp\/v2\/pages\/816\/revisions\/818"}],"wp:attachment":[{"href":"https:\/\/ies6045-sal.infd.edu.ar\/sitio\/wp-json\/wp\/v2\/media?parent=816"}],"curies":[{"name":"wp","href":"https:\/\/api.w.org\/{rel}","templated":true}]}}