{"id":845,"date":"2021-08-16T13:09:18","date_gmt":"2021-08-16T16:09:18","guid":{"rendered":"https:\/\/ies6045-sal.infd.edu.ar\/sitio\/?page_id=845"},"modified":"2021-08-16T13:09:19","modified_gmt":"2021-08-16T16:09:19","slug":"escuela-superior","status":"publish","type":"page","link":"https:\/\/ies6045-sal.infd.edu.ar\/sitio\/escuela-superior\/","title":{"rendered":"ESCUELA SUPERIOR"},"content":{"rendered":"\n<figure class=\"wp-block-image size-large\"><img decoding=\"async\" src=\"http:\/\/isep6045.com\/wp-content\/uploads\/2016\/06\/ESCUELA-SUPERIOR-768x517.jpg\" alt=\"\"\/><\/figure>\n\n\n\n<p><strong><em><u>DIRECCION ESCUELA SUPERIOR<\/u><\/em><\/strong><\/p>\n\n\n\n<p><strong>Misi\u00f3n:&nbsp;<\/strong>planificar y ejecutar acciones educativas que contribuyan al desarrollo de competencias profesionales del personal policial, a trav\u00e9s de diferentes estrategias pedag\u00f3gicas&nbsp; vinculadas con la funci\u00f3n,&nbsp; jerarqu\u00eda, cuerpo y escalaf\u00f3n, para logro de eficiencia en su desempe\u00f1o profesional con capacidad creativa, cient\u00edfica, t\u00e9cnica y tecnol\u00f3gica, sobre la base de los principios y valores institucionales.<\/p>\n\n\n\n<p>AREAS:<\/p>\n\n\n\n<ul><li>DIVISI\u00d3N ACTUALIZACI\u00d3N Y CAPACITACI\u00d3N PROFESIONAL<\/li><li>DIVISI\u00d3N DE ESTUDIOS SUPERIORES<\/li><li>SECCI\u00d3N ESTUDIOS A DISTANCIA<\/li><li>SECCI\u00d3N ADMINISTRACI\u00d3N DE BECAS<\/li><li>SECCI\u00d3N SEGURIDAD PRIVADA<\/li><\/ul>\n\n\n\n<p>DIRECCION: CALLE DEAN FUNES 229<\/p>\n\n\n\n<p>TELEFONO: 0387- 4211502 \u2013 154792543 \u2013 CENTREX 4569<\/p>\n\n\n\n<p>CORREO:&nbsp;<a href=\"mailto:escuelasuperiorpoliciasalta@hotmail.com\">escuelasuperiorpoliciasalta@hotmail.com<\/a><\/p>\n","protected":false},"excerpt":{"rendered":"<p>DIRECCION ESCUELA SUPERIOR Misi\u00f3n:&nbsp;planificar y ejecutar acciones educativas que contribuyan al desarrollo de competencias profesionales del personal policial, a trav\u00e9s de diferentes estrategias pedag\u00f3gicas&nbsp; vinculadas con la funci\u00f3n,&nbsp; jerarqu\u00eda, cuerpo y escalaf\u00f3n, para logro de eficiencia en su desempe\u00f1o profesional con capacidad creativa, cient\u00edfica, t\u00e9cnica y tecnol\u00f3gica, sobre la base de los principios y valores &#8230; <a title=\"ESCUELA SUPERIOR\" class=\"read-more\" href=\"https:\/\/ies6045-sal.infd.edu.ar\/sitio\/escuela-superior\/\" aria-label=\"More on ESCUELA SUPERIOR\">[+]<\/a><\/p>\n","protected":false},"author":14,"featured_media":0,"parent":0,"menu_order":0,"comment_status":"closed","ping_status":"closed","template":"","meta":[],"acf":[],"_links":{"self":[{"href":"https:\/\/ies6045-sal.infd.edu.ar\/sitio\/wp-json\/wp\/v2\/pages\/845"}],"collection":[{"href":"https:\/\/ies6045-sal.infd.edu.ar\/sitio\/wp-json\/wp\/v2\/pages"}],"about":[{"href":"https:\/\/ies6045-sal.infd.edu.ar\/sitio\/wp-json\/wp\/v2\/types\/page"}],"author":[{"embeddable":true,"href":"https:\/\/ies6045-sal.infd.edu.ar\/sitio\/wp-json\/wp\/v2\/users\/14"}],"replies":[{"embeddable":true,"href":"https:\/\/ies6045-sal.infd.edu.ar\/sitio\/wp-json\/wp\/v2\/comments?post=845"}],"version-history":[{"count":1,"href":"https:\/\/ies6045-sal.infd.edu.ar\/sitio\/wp-json\/wp\/v2\/pages\/845\/revisions"}],"predecessor-version":[{"id":846,"href":"https:\/\/ies6045-sal.infd.edu.ar\/sitio\/wp-json\/wp\/v2\/pages\/845\/revisions\/846"}],"wp:attachment":[{"href":"https:\/\/ies6045-sal.infd.edu.ar\/sitio\/wp-json\/wp\/v2\/media?parent=845"}],"curies":[{"name":"wp","href":"https:\/\/api.w.org\/{rel}","templated":true}]}}